{"id":622,"date":"2023-10-10T14:28:12","date_gmt":"2023-10-10T14:28:12","guid":{"rendered":"https:\/\/banzepetiscaria.pt\/menu\/wine-list\/"},"modified":"2026-01-07T15:31:00","modified_gmt":"2026-01-07T15:31:00","slug":"for-groups","status":"publish","type":"page","link":"https:\/\/banzepetiscaria.pt\/en\/menu\/for-groups\/","title":{"rendered":"For Groups"},"content":{"rendered":"\t\t<div data-elementor-type=\"wp-page\" data-elementor-id=\"622\" class=\"elementor elementor-622 elementor-515\" data-elementor-post-type=\"page\">\n\t\t\t\t\t\t<section class=\"elementor-section elementor-top-section elementor-element elementor-element-44fecc7d elementor-section-boxed elementor-section-height-default elementor-section-height-default\" data-id=\"44fecc7d\" data-element_type=\"section\" data-e-type=\"section\" data-settings=\"{&quot;background_background&quot;:&quot;classic&quot;}\">\n\t\t\t\t\t\t\t<div class=\"elementor-background-overlay\"><\/div>\n\t\t\t\t\t\t\t<div class=\"elementor-container elementor-column-gap-default\">\n\t\t\t\t\t<div class=\"elementor-column elementor-col-100 elementor-top-column elementor-element elementor-element-181d24e9\" data-id=\"181d24e9\" data-element_type=\"column\" data-e-type=\"column\">\n\t\t\t<div class=\"elementor-widget-wrap elementor-element-populated\">\n\t\t\t\t\t\t<div class=\"elementor-element elementor-element-6fb7b810 de_scroll_animation_no elementor-widget elementor-widget-heading\" data-id=\"6fb7b810\" data-element_type=\"widget\" data-e-type=\"widget\" data-widget_type=\"heading.default\">\n\t\t\t\t<div class=\"elementor-widget-container\">\n\t\t\t\t\t<h2 class=\"elementor-heading-title elementor-size-default\">For Groups<\/h2>\t\t\t\t<\/div>\n\t\t\t\t<\/div>\n\t\t\t\t\t<\/div>\n\t\t<\/div>\n\t\t\t\t\t<\/div>\n\t\t<\/section>\n\t\t\t\t<section class=\"elementor-section elementor-top-section elementor-element elementor-element-b816814 elementor-section-boxed elementor-section-height-default elementor-section-height-default\" data-id=\"b816814\" data-element_type=\"section\" data-e-type=\"section\">\n\t\t\t\t\t\t<div class=\"elementor-container elementor-column-gap-default\">\n\t\t\t\t\t<div class=\"elementor-column elementor-col-50 elementor-top-column elementor-element elementor-element-60a3db2\" data-id=\"60a3db2\" data-element_type=\"column\" data-e-type=\"column\">\n\t\t\t<div class=\"elementor-widget-wrap elementor-element-populated\">\n\t\t\t\t\t\t<div class=\"elementor-element elementor-element-f771c05 de_scroll_animation_no elementor-widget elementor-widget-image\" data-id=\"f771c05\" data-element_type=\"widget\" data-e-type=\"widget\" data-widget_type=\"image.default\">\n\t\t\t\t<div class=\"elementor-widget-container\">\n\t\t\t\t\t\t\t\t\t\t\t\t\t\t\t\t<a href=\"https:\/\/banzepetiscaria.pt\/wp-content\/uploads\/2026\/01\/Menu-de-grupo-Banze-ingles-2025_Pagina_1-scaled-e1767799789369.jpg\" data-elementor-open-lightbox=\"yes\" data-elementor-lightbox-title=\"Menu de grupo Banz\u00e9 ingl\u00eas 2025_P\u00e1gina_1\" data-e-action-hash=\"#elementor-action%3Aaction%3Dlightbox%26settings%3DeyJpZCI6MTA2MCwidXJsIjoiaHR0cHM6XC9cL2JhbnplcGV0aXNjYXJpYS5wdFwvd3AtY29udGVudFwvdXBsb2Fkc1wvMjAyNlwvMDFcL01lbnUtZGUtZ3J1cG8tQmFuemUtaW5nbGVzLTIwMjVfUGFnaW5hXzEtc2NhbGVkLWUxNzY3Nzk5Nzg5MzY5LmpwZyJ9\">\n\t\t\t\t\t\t\t<img fetchpriority=\"high\" decoding=\"async\" width=\"1000\" height=\"1500\" src=\"https:\/\/banzepetiscaria.pt\/wp-content\/uploads\/2026\/01\/Menu-de-grupo-Banze-ingles-2025_Pagina_1-scaled-e1767799789369.jpg\" class=\"attachment-full size-full wp-image-1060\" alt=\"\" \/>\t\t\t\t\t\t\t\t<\/a>\n\t\t\t\t\t\t\t\t\t\t\t\t\t\t\t<\/div>\n\t\t\t\t<\/div>\n\t\t\t\t\t<\/div>\n\t\t<\/div>\n\t\t\t\t<div class=\"elementor-column elementor-col-50 elementor-top-column elementor-element elementor-element-63570be\" data-id=\"63570be\" data-element_type=\"column\" data-e-type=\"column\">\n\t\t\t<div class=\"elementor-widget-wrap elementor-element-populated\">\n\t\t\t\t\t\t<div class=\"elementor-element elementor-element-c9db62b de_scroll_animation_no elementor-widget elementor-widget-image\" data-id=\"c9db62b\" data-element_type=\"widget\" data-e-type=\"widget\" data-widget_type=\"image.default\">\n\t\t\t\t<div class=\"elementor-widget-container\">\n\t\t\t\t\t\t\t\t\t\t\t\t\t\t\t\t<a href=\"https:\/\/banzepetiscaria.pt\/wp-content\/uploads\/2026\/01\/Menu-de-grupo-Banze-ingles-2025_Pagina_2-scaled-e1767799811300.jpg\" data-elementor-open-lightbox=\"yes\" data-elementor-lightbox-title=\"Menu de grupo Banz\u00e9 ingl\u00eas 2025_P\u00e1gina_2\" data-e-action-hash=\"#elementor-action%3Aaction%3Dlightbox%26settings%3DeyJpZCI6MTA1OCwidXJsIjoiaHR0cHM6XC9cL2JhbnplcGV0aXNjYXJpYS5wdFwvd3AtY29udGVudFwvdXBsb2Fkc1wvMjAyNlwvMDFcL01lbnUtZGUtZ3J1cG8tQmFuemUtaW5nbGVzLTIwMjVfUGFnaW5hXzItc2NhbGVkLWUxNzY3Nzk5ODExMzAwLmpwZyJ9\">\n\t\t\t\t\t\t\t<img decoding=\"async\" width=\"1000\" height=\"1500\" src=\"https:\/\/banzepetiscaria.pt\/wp-content\/uploads\/2026\/01\/Menu-de-grupo-Banze-ingles-2025_Pagina_2-scaled-e1767799811300.jpg\" class=\"attachment-full size-full wp-image-1058\" alt=\"\" \/>\t\t\t\t\t\t\t\t<\/a>\n\t\t\t\t\t\t\t\t\t\t\t\t\t\t\t<\/div>\n\t\t\t\t<\/div>\n\t\t\t\t\t<\/div>\n\t\t<\/div>\n\t\t\t\t\t<\/div>\n\t\t<\/section>\n\t\t\t\t<section class=\"elementor-section elementor-top-section elementor-element elementor-element-ea70421 elementor-section-boxed elementor-section-height-default elementor-section-height-default\" data-id=\"ea70421\" data-element_type=\"section\" data-e-type=\"section\">\n\t\t\t\t\t\t<div class=\"elementor-container elementor-column-gap-default\">\n\t\t\t\t\t<div class=\"elementor-column elementor-col-50 elementor-top-column elementor-element elementor-element-6c59c9f\" data-id=\"6c59c9f\" data-element_type=\"column\" data-e-type=\"column\">\n\t\t\t<div class=\"elementor-widget-wrap elementor-element-populated\">\n\t\t\t\t\t\t<div class=\"elementor-element elementor-element-1697ff2 de_scroll_animation_no elementor-widget elementor-widget-image\" data-id=\"1697ff2\" data-element_type=\"widget\" data-e-type=\"widget\" data-widget_type=\"image.default\">\n\t\t\t\t<div class=\"elementor-widget-container\">\n\t\t\t\t\t\t\t\t\t\t\t\t\t\t\t\t<a href=\"https:\/\/banzepetiscaria.pt\/wp-content\/uploads\/2026\/01\/Menu-de-grupo-Banze-ingles-2025_Pagina_3-scaled-e1767799835674.jpg\" data-elementor-open-lightbox=\"yes\" data-elementor-lightbox-title=\"Menu de grupo Banz\u00e9 ingl\u00eas 2025_P\u00e1gina_3\" data-e-action-hash=\"#elementor-action%3Aaction%3Dlightbox%26settings%3DeyJpZCI6MTA1NiwidXJsIjoiaHR0cHM6XC9cL2JhbnplcGV0aXNjYXJpYS5wdFwvd3AtY29udGVudFwvdXBsb2Fkc1wvMjAyNlwvMDFcL01lbnUtZGUtZ3J1cG8tQmFuemUtaW5nbGVzLTIwMjVfUGFnaW5hXzMtc2NhbGVkLWUxNzY3Nzk5ODM1Njc0LmpwZyJ9\">\n\t\t\t\t\t\t\t<img decoding=\"async\" width=\"1000\" height=\"1500\" src=\"https:\/\/banzepetiscaria.pt\/wp-content\/uploads\/2026\/01\/Menu-de-grupo-Banze-ingles-2025_Pagina_3-scaled-e1767799835674.jpg\" class=\"attachment-full size-full wp-image-1056\" alt=\"\" \/>\t\t\t\t\t\t\t\t<\/a>\n\t\t\t\t\t\t\t\t\t\t\t\t\t\t\t<\/div>\n\t\t\t\t<\/div>\n\t\t\t\t\t<\/div>\n\t\t<\/div>\n\t\t\t\t<div class=\"elementor-column elementor-col-50 elementor-top-column elementor-element elementor-element-03ab7af\" data-id=\"03ab7af\" data-element_type=\"column\" data-e-type=\"column\">\n\t\t\t<div class=\"elementor-widget-wrap elementor-element-populated\">\n\t\t\t\t\t\t<div class=\"elementor-element elementor-element-f86c35d de_scroll_animation_no elementor-widget elementor-widget-image\" data-id=\"f86c35d\" data-element_type=\"widget\" data-e-type=\"widget\" data-widget_type=\"image.default\">\n\t\t\t\t<div class=\"elementor-widget-container\">\n\t\t\t\t\t\t\t\t\t\t\t\t\t\t\t\t<a href=\"https:\/\/banzepetiscaria.pt\/wp-content\/uploads\/2026\/01\/Menu-de-grupo-Banze-ingles-2025_Pagina_4-scaled-e1767799852423.jpg\" data-elementor-open-lightbox=\"yes\" data-elementor-lightbox-title=\"Menu de grupo Banz\u00e9 ingl\u00eas 2025_P\u00e1gina_4\" data-e-action-hash=\"#elementor-action%3Aaction%3Dlightbox%26settings%3DeyJpZCI6MTA1NCwidXJsIjoiaHR0cHM6XC9cL2JhbnplcGV0aXNjYXJpYS5wdFwvd3AtY29udGVudFwvdXBsb2Fkc1wvMjAyNlwvMDFcL01lbnUtZGUtZ3J1cG8tQmFuemUtaW5nbGVzLTIwMjVfUGFnaW5hXzQtc2NhbGVkLWUxNzY3Nzk5ODUyNDIzLmpwZyJ9\">\n\t\t\t\t\t\t\t<img loading=\"lazy\" decoding=\"async\" width=\"1000\" height=\"1500\" src=\"https:\/\/banzepetiscaria.pt\/wp-content\/uploads\/2026\/01\/Menu-de-grupo-Banze-ingles-2025_Pagina_4-scaled-e1767799852423.jpg\" class=\"attachment-full size-full wp-image-1054\" alt=\"\" \/>\t\t\t\t\t\t\t\t<\/a>\n\t\t\t\t\t\t\t\t\t\t\t\t\t\t\t<\/div>\n\t\t\t\t<\/div>\n\t\t\t\t\t<\/div>\n\t\t<\/div>\n\t\t\t\t\t<\/div>\n\t\t<\/section>\n\t\t\t\t<section class=\"elementor-section elementor-top-section elementor-element elementor-element-3ce7421 elementor-section-boxed elementor-section-height-default elementor-section-height-default\" data-id=\"3ce7421\" data-element_type=\"section\" data-e-type=\"section\" data-settings=\"{&quot;background_background&quot;:&quot;classic&quot;}\">\n\t\t\t\t\t\t\t<div class=\"elementor-background-overlay\"><\/div>\n\t\t\t\t\t\t\t<div class=\"elementor-container elementor-column-gap-default\">\n\t\t\t\t\t<div class=\"elementor-column elementor-col-100 elementor-top-column elementor-element elementor-element-74c070b\" data-id=\"74c070b\" data-element_type=\"column\" data-e-type=\"column\">\n\t\t\t<div class=\"elementor-widget-wrap elementor-element-populated\">\n\t\t\t\t\t\t<div class=\"elementor-element elementor-element-e7747b5 animated-slow de_scroll_animation_no elementor-invisible elementor-widget elementor-widget-heading\" data-id=\"e7747b5\" data-element_type=\"widget\" data-e-type=\"widget\" data-settings=\"{&quot;_animation&quot;:&quot;fadeInUp&quot;}\" data-widget_type=\"heading.default\">\n\t\t\t\t<div class=\"elementor-widget-container\">\n\t\t\t\t\t<h5 class=\"elementor-heading-title elementor-size-default\">Booking<\/h5>\t\t\t\t<\/div>\n\t\t\t\t<\/div>\n\t\t\t\t<div class=\"elementor-element elementor-element-e5e418e de_scroll_animation_no elementor-widget elementor-widget-heading\" data-id=\"e5e418e\" data-element_type=\"widget\" data-e-type=\"widget\" data-widget_type=\"heading.default\">\n\t\t\t\t<div class=\"elementor-widget-container\">\n\t\t\t\t\t<h2 class=\"elementor-heading-title elementor-size-default\">Book now and embark on an unforgettable culinary journey at Banz\u00e9. Limited places!<\/h2>\t\t\t\t<\/div>\n\t\t\t\t<\/div>\n\t\t\t\t<div class=\"elementor-element elementor-element-0c48661 de_scroll_animation_no elementor-widget elementor-widget-text-editor\" data-id=\"0c48661\" data-element_type=\"widget\" data-e-type=\"widget\" data-widget_type=\"text-editor.default\">\n\t\t\t\t<div class=\"elementor-widget-container\">\n\t\t\t\t\t\t\t\t\t<p>Every day from 12 noon to midnight<\/p>\t\t\t\t\t\t\t\t<\/div>\n\t\t\t\t<\/div>\n\t\t\t\t<div class=\"elementor-element elementor-element-001491d elementor-align-center de_scroll_animation_no elementor-widget elementor-widget-elementskit-button\" data-id=\"001491d\" data-element_type=\"widget\" data-e-type=\"widget\" data-widget_type=\"elementskit-button.default\">\n\t\t\t\t<div class=\"elementor-widget-container\">\n\t\t\t\t\t<div class=\"ekit-wid-con\" >\t\t<div class=\"ekit-btn-wraper\">\n\t\t\t\t\t\t\t<a href=\"https:\/\/letsumai.com\/widget\/banze-na-petiscaria\" target=\"_blank\" class=\"elementskit-btn  whitespace--normal\" id=\"\">\n\t\t\t\t\tBooking<i class=\"icon icon-minus\"><\/i>\t\t\t\t<\/a>\n\t\t\t\t\t<\/div>\n        <\/div>\t\t\t\t<\/div>\n\t\t\t\t<\/div>\n\t\t\t\t\t<\/div>\n\t\t<\/div>\n\t\t\t\t\t<\/div>\n\t\t<\/section>\n\t\t\t\t<\/div>\n\t\t","protected":false},"excerpt":{"rendered":"<p>For Groups Booking Book now and embark on an unforgettable culinary journey at Banz\u00e9. Limited places! Every day from 12 noon to midnight Booking<\/p>\n","protected":false},"author":1,"featured_media":0,"parent":616,"menu_order":0,"comment_status":"closed","ping_status":"closed","template":"","meta":{"footnotes":""},"class_list":["post-622","page","type-page","status-publish","hentry"],"yoast_head":"<!-- This site is optimized with the Yoast SEO plugin v27.5 - https:\/\/yoast.com\/product\/yoast-seo-wordpress\/ -->\n<title>For Groups - Banz\u00e9 na Petiscaria<\/title>\n<meta name=\"robots\" content=\"index, follow, max-snippet:-1, max-image-preview:large, max-video-preview:-1\" \/>\n<link rel=\"canonical\" href=\"https:\/\/banzepetiscaria.pt\/menu\/para-grupos\/\" \/>\n<meta property=\"og:locale\" content=\"en_US\" \/>\n<meta property=\"og:type\" content=\"article\" \/>\n<meta property=\"og:title\" content=\"For Groups - Banz\u00e9 na Petiscaria\" \/>\n<meta property=\"og:description\" content=\"For Groups Booking Book now and embark on an unforgettable culinary journey at Banz\u00e9. Limited places! Every day from 12 noon to midnight Booking\" \/>\n<meta property=\"og:url\" content=\"https:\/\/banzepetiscaria.pt\/menu\/para-grupos\/\" \/>\n<meta property=\"og:site_name\" content=\"Banz\u00e9 na Petiscaria\" \/>\n<meta property=\"article:modified_time\" content=\"2026-01-07T15:31:00+00:00\" \/>\n<meta property=\"og:image\" content=\"https:\/\/banzepetiscaria.pt\/wp-content\/uploads\/2026\/01\/Menu-de-grupo-Banze-ingles-2025_Pagina_1-scaled-e1767799789369.jpg\" \/>\n<meta name=\"twitter:card\" content=\"summary_large_image\" \/>\n<meta name=\"twitter:label1\" content=\"Est. reading time\" \/>\n\t<meta name=\"twitter:data1\" content=\"1 minute\" \/>\n<script type=\"application\/ld+json\" class=\"yoast-schema-graph\">{\"@context\":\"https:\\\/\\\/schema.org\",\"@graph\":[{\"@type\":\"WebPage\",\"@id\":\"https:\\\/\\\/banzepetiscaria.pt\\\/menu\\\/para-grupos\\\/\",\"url\":\"https:\\\/\\\/banzepetiscaria.pt\\\/menu\\\/para-grupos\\\/\",\"name\":\"For Groups - Banz\u00e9 na Petiscaria\",\"isPartOf\":{\"@id\":\"https:\\\/\\\/banzepetiscaria.pt\\\/#website\"},\"primaryImageOfPage\":{\"@id\":\"https:\\\/\\\/banzepetiscaria.pt\\\/menu\\\/para-grupos\\\/#primaryimage\"},\"image\":{\"@id\":\"https:\\\/\\\/banzepetiscaria.pt\\\/menu\\\/para-grupos\\\/#primaryimage\"},\"thumbnailUrl\":\"https:\\\/\\\/banzepetiscaria.pt\\\/wp-content\\\/uploads\\\/2026\\\/01\\\/Menu-de-grupo-Banze-ingles-2025_Pagina_1-scaled-e1767799789369.jpg\",\"datePublished\":\"2023-10-10T14:28:12+00:00\",\"dateModified\":\"2026-01-07T15:31:00+00:00\",\"breadcrumb\":{\"@id\":\"https:\\\/\\\/banzepetiscaria.pt\\\/menu\\\/para-grupos\\\/#breadcrumb\"},\"inLanguage\":\"en-US\",\"potentialAction\":[{\"@type\":\"ReadAction\",\"target\":[\"https:\\\/\\\/banzepetiscaria.pt\\\/menu\\\/para-grupos\\\/\"]}]},{\"@type\":\"ImageObject\",\"inLanguage\":\"en-US\",\"@id\":\"https:\\\/\\\/banzepetiscaria.pt\\\/menu\\\/para-grupos\\\/#primaryimage\",\"url\":\"https:\\\/\\\/banzepetiscaria.pt\\\/wp-content\\\/uploads\\\/2026\\\/01\\\/Menu-de-grupo-Banze-ingles-2025_Pagina_1-scaled-e1767799789369.jpg\",\"contentUrl\":\"https:\\\/\\\/banzepetiscaria.pt\\\/wp-content\\\/uploads\\\/2026\\\/01\\\/Menu-de-grupo-Banze-ingles-2025_Pagina_1-scaled-e1767799789369.jpg\"},{\"@type\":\"BreadcrumbList\",\"@id\":\"https:\\\/\\\/banzepetiscaria.pt\\\/menu\\\/para-grupos\\\/#breadcrumb\",\"itemListElement\":[{\"@type\":\"ListItem\",\"position\":1,\"name\":\"In\u00edcio\",\"item\":\"https:\\\/\\\/banzepetiscaria.pt\\\/en\\\/home\\\/\"},{\"@type\":\"ListItem\",\"position\":2,\"name\":\"Menu\",\"item\":\"https:\\\/\\\/banzepetiscaria.pt\\\/menu\\\/\"},{\"@type\":\"ListItem\",\"position\":3,\"name\":\"For Groups\"}]},{\"@type\":\"WebSite\",\"@id\":\"https:\\\/\\\/banzepetiscaria.pt\\\/#website\",\"url\":\"https:\\\/\\\/banzepetiscaria.pt\\\/\",\"name\":\"Banz\u00e9 na Petiscaria\",\"description\":\"O banz\u00e9 numa petiscaria portuguesa.\",\"publisher\":{\"@id\":\"https:\\\/\\\/banzepetiscaria.pt\\\/#organization\"},\"potentialAction\":[{\"@type\":\"SearchAction\",\"target\":{\"@type\":\"EntryPoint\",\"urlTemplate\":\"https:\\\/\\\/banzepetiscaria.pt\\\/?s={search_term_string}\"},\"query-input\":{\"@type\":\"PropertyValueSpecification\",\"valueRequired\":true,\"valueName\":\"search_term_string\"}}],\"inLanguage\":\"en-US\"},{\"@type\":\"Organization\",\"@id\":\"https:\\\/\\\/banzepetiscaria.pt\\\/#organization\",\"name\":\"Banz\u00e9 na Petiscaria\",\"url\":\"https:\\\/\\\/banzepetiscaria.pt\\\/\",\"logo\":{\"@type\":\"ImageObject\",\"inLanguage\":\"en-US\",\"@id\":\"https:\\\/\\\/banzepetiscaria.pt\\\/#\\\/schema\\\/logo\\\/image\\\/\",\"url\":\"https:\\\/\\\/banzepetiscaria.pt\\\/wp-content\\\/uploads\\\/2023\\\/05\\\/Banze_Logo_Final_WhiteV1.png\",\"contentUrl\":\"https:\\\/\\\/banzepetiscaria.pt\\\/wp-content\\\/uploads\\\/2023\\\/05\\\/Banze_Logo_Final_WhiteV1.png\",\"width\":4500,\"height\":2666,\"caption\":\"Banz\u00e9 na Petiscaria\"},\"image\":{\"@id\":\"https:\\\/\\\/banzepetiscaria.pt\\\/#\\\/schema\\\/logo\\\/image\\\/\"},\"sameAs\":[\"https:\\\/\\\/www.instagram.com\\\/banzenapetiscaria\\\/\"]}]}<\/script>\n<!-- \/ Yoast SEO plugin. -->","yoast_head_json":{"title":"For Groups - Banz\u00e9 na Petiscaria","robots":{"index":"index","follow":"follow","max-snippet":"max-snippet:-1","max-image-preview":"max-image-preview:large","max-video-preview":"max-video-preview:-1"},"canonical":"https:\/\/banzepetiscaria.pt\/menu\/para-grupos\/","og_locale":"en_US","og_type":"article","og_title":"For Groups - Banz\u00e9 na Petiscaria","og_description":"For Groups Booking Book now and embark on an unforgettable culinary journey at Banz\u00e9. Limited places! Every day from 12 noon to midnight Booking","og_url":"https:\/\/banzepetiscaria.pt\/menu\/para-grupos\/","og_site_name":"Banz\u00e9 na Petiscaria","article_modified_time":"2026-01-07T15:31:00+00:00","og_image":[{"url":"https:\/\/banzepetiscaria.pt\/wp-content\/uploads\/2026\/01\/Menu-de-grupo-Banze-ingles-2025_Pagina_1-scaled-e1767799789369.jpg","type":"","width":"","height":""}],"twitter_card":"summary_large_image","twitter_misc":{"Est. reading time":"1 minute"},"schema":{"@context":"https:\/\/schema.org","@graph":[{"@type":"WebPage","@id":"https:\/\/banzepetiscaria.pt\/menu\/para-grupos\/","url":"https:\/\/banzepetiscaria.pt\/menu\/para-grupos\/","name":"For Groups - Banz\u00e9 na Petiscaria","isPartOf":{"@id":"https:\/\/banzepetiscaria.pt\/#website"},"primaryImageOfPage":{"@id":"https:\/\/banzepetiscaria.pt\/menu\/para-grupos\/#primaryimage"},"image":{"@id":"https:\/\/banzepetiscaria.pt\/menu\/para-grupos\/#primaryimage"},"thumbnailUrl":"https:\/\/banzepetiscaria.pt\/wp-content\/uploads\/2026\/01\/Menu-de-grupo-Banze-ingles-2025_Pagina_1-scaled-e1767799789369.jpg","datePublished":"2023-10-10T14:28:12+00:00","dateModified":"2026-01-07T15:31:00+00:00","breadcrumb":{"@id":"https:\/\/banzepetiscaria.pt\/menu\/para-grupos\/#breadcrumb"},"inLanguage":"en-US","potentialAction":[{"@type":"ReadAction","target":["https:\/\/banzepetiscaria.pt\/menu\/para-grupos\/"]}]},{"@type":"ImageObject","inLanguage":"en-US","@id":"https:\/\/banzepetiscaria.pt\/menu\/para-grupos\/#primaryimage","url":"https:\/\/banzepetiscaria.pt\/wp-content\/uploads\/2026\/01\/Menu-de-grupo-Banze-ingles-2025_Pagina_1-scaled-e1767799789369.jpg","contentUrl":"https:\/\/banzepetiscaria.pt\/wp-content\/uploads\/2026\/01\/Menu-de-grupo-Banze-ingles-2025_Pagina_1-scaled-e1767799789369.jpg"},{"@type":"BreadcrumbList","@id":"https:\/\/banzepetiscaria.pt\/menu\/para-grupos\/#breadcrumb","itemListElement":[{"@type":"ListItem","position":1,"name":"In\u00edcio","item":"https:\/\/banzepetiscaria.pt\/en\/home\/"},{"@type":"ListItem","position":2,"name":"Menu","item":"https:\/\/banzepetiscaria.pt\/menu\/"},{"@type":"ListItem","position":3,"name":"For Groups"}]},{"@type":"WebSite","@id":"https:\/\/banzepetiscaria.pt\/#website","url":"https:\/\/banzepetiscaria.pt\/","name":"Banz\u00e9 na Petiscaria","description":"O banz\u00e9 numa petiscaria portuguesa.","publisher":{"@id":"https:\/\/banzepetiscaria.pt\/#organization"},"potentialAction":[{"@type":"SearchAction","target":{"@type":"EntryPoint","urlTemplate":"https:\/\/banzepetiscaria.pt\/?s={search_term_string}"},"query-input":{"@type":"PropertyValueSpecification","valueRequired":true,"valueName":"search_term_string"}}],"inLanguage":"en-US"},{"@type":"Organization","@id":"https:\/\/banzepetiscaria.pt\/#organization","name":"Banz\u00e9 na Petiscaria","url":"https:\/\/banzepetiscaria.pt\/","logo":{"@type":"ImageObject","inLanguage":"en-US","@id":"https:\/\/banzepetiscaria.pt\/#\/schema\/logo\/image\/","url":"https:\/\/banzepetiscaria.pt\/wp-content\/uploads\/2023\/05\/Banze_Logo_Final_WhiteV1.png","contentUrl":"https:\/\/banzepetiscaria.pt\/wp-content\/uploads\/2023\/05\/Banze_Logo_Final_WhiteV1.png","width":4500,"height":2666,"caption":"Banz\u00e9 na Petiscaria"},"image":{"@id":"https:\/\/banzepetiscaria.pt\/#\/schema\/logo\/image\/"},"sameAs":["https:\/\/www.instagram.com\/banzenapetiscaria\/"]}]}},"_links":{"self":[{"href":"https:\/\/banzepetiscaria.pt\/en\/wp-json\/wp\/v2\/pages\/622","targetHints":{"allow":["GET"]}}],"collection":[{"href":"https:\/\/banzepetiscaria.pt\/en\/wp-json\/wp\/v2\/pages"}],"about":[{"href":"https:\/\/banzepetiscaria.pt\/en\/wp-json\/wp\/v2\/types\/page"}],"author":[{"embeddable":true,"href":"https:\/\/banzepetiscaria.pt\/en\/wp-json\/wp\/v2\/users\/1"}],"replies":[{"embeddable":true,"href":"https:\/\/banzepetiscaria.pt\/en\/wp-json\/wp\/v2\/comments?post=622"}],"version-history":[{"count":21,"href":"https:\/\/banzepetiscaria.pt\/en\/wp-json\/wp\/v2\/pages\/622\/revisions"}],"predecessor-version":[{"id":1074,"href":"https:\/\/banzepetiscaria.pt\/en\/wp-json\/wp\/v2\/pages\/622\/revisions\/1074"}],"up":[{"embeddable":true,"href":"https:\/\/banzepetiscaria.pt\/en\/wp-json\/wp\/v2\/pages\/616"}],"wp:attachment":[{"href":"https:\/\/banzepetiscaria.pt\/en\/wp-json\/wp\/v2\/media?parent=622"}],"curies":[{"name":"wp","href":"https:\/\/api.w.org\/{rel}","templated":true}]}}